{"id":719,"date":"2015-11-26T09:27:07","date_gmt":"2015-11-26T08:27:07","guid":{"rendered":"http:\/\/www.fussball-altenfelden.at\/wp\/?page_id=719"},"modified":"2018-05-23T08:42:26","modified_gmt":"2018-05-23T06:42:26","slug":"intern-termine-ua59","status":"publish","type":"page","link":"https:\/\/www.ua59.at\/wp\/intern\/intern-termine-ua59\/","title":{"rendered":"Intern | Termine UA59"},"content":{"rendered":"<p><iframe loading=\"lazy\" style=\"border-width: 0;\" src=\"https:\/\/calendar.google.com\/calendar\/embed?height=600&amp;wkst=2&amp;hl=de&amp;bgcolor=%23FFFFFF&amp;src=jt6rperq5h76cdq0dghe3bhda0%40group.calendar.google.com&amp;color=%23666666&amp;src=dakov4u10ruetstagqg2nrgnoo%40group.calendar.google.com&amp;color=%232F6309&amp;src=qtmoqt8d4vr4h197s2oo5j7tmo%40group.calendar.google.com&amp;color=%23875509&amp;src=un1ail8m291ke5ejnl3vse078c%40group.calendar.google.com&amp;color=%23333333&amp;ctz=Europe%2FVienna\" width=\"100%\" height=\"600\" frameborder=\"0\" scrolling=\"no\"><\/iframe><\/p>\n<h3>Beschreibung:<\/h3>\n<p>Links oben k\u00f6nnen Sie mit Hilfe der Pfeiltasten zwischen den verschiedenen Monaten navigieren.<br \/>\nRechts oben k\u00f6nnen Sie zwischen verschiedenen Ansichten wechseln.<br \/>\nWenn Sie auf einen Termin klicken \u00f6ffnet sich ein Fenster mit allen Details zu diesem Termin.<\/p>\n<h3>Legende:<\/h3>\n<p><img loading=\"lazy\" decoding=\"async\" src=\"https:\/\/www.ua59.at\/wp\/wp-content\/uploads\/2015\/11\/legende_termine_ua59.png\" alt=\"\" width=\"168\" height=\"67\"><br \/>\num Kalender ein- bzw. auszublenden k\u00f6nnen Sie re. oben (neben &#8222;Termin\u00fcbersicht&#8220;) auf die Schaltfl\u00e4che klicken und die entsprechenden Kalender ein- und ausblenden<\/p>\n<div class=\"pvc_clear\"><\/div>\n<p id=\"pvc_stats_719\" class=\"pvc_stats all  \" data-element-id=\"719\" style=\"\"><i class=\"pvc-stats-icon medium\" aria-hidden=\"true\"><svg aria-hidden=\"true\" focusable=\"false\" data-prefix=\"far\" data-icon=\"chart-bar\" role=\"img\" xmlns=\"http:\/\/www.w3.org\/2000\/svg\" viewBox=\"0 0 512 512\" class=\"svg-inline--fa fa-chart-bar fa-w-16 fa-2x\"><path fill=\"currentColor\" d=\"M396.8 352h22.4c6.4 0 12.8-6.4 12.8-12.8V108.8c0-6.4-6.4-12.8-12.8-12.8h-22.4c-6.4 0-12.8 6.4-12.8 12.8v230.4c0 6.4 6.4 12.8 12.8 12.8zm-192 0h22.4c6.4 0 12.8-6.4 12.8-12.8V140.8c0-6.4-6.4-12.8-12.8-12.8h-22.4c-6.4 0-12.8 6.4-12.8 12.8v198.4c0 6.4 6.4 12.8 12.8 12.8zm96 0h22.4c6.4 0 12.8-6.4 12.8-12.8V204.8c0-6.4-6.4-12.8-12.8-12.8h-22.4c-6.4 0-12.8 6.4-12.8 12.8v134.4c0 6.4 6.4 12.8 12.8 12.8zM496 400H48V80c0-8.84-7.16-16-16-16H16C7.16 64 0 71.16 0 80v336c0 17.67 14.33 32 32 32h464c8.84 0 16-7.16 16-16v-16c0-8.84-7.16-16-16-16zm-387.2-48h22.4c6.4 0 12.8-6.4 12.8-12.8v-70.4c0-6.4-6.4-12.8-12.8-12.8h-22.4c-6.4 0-12.8 6.4-12.8 12.8v70.4c0 6.4 6.4 12.8 12.8 12.8z\" class=\"\"><\/path><\/svg><\/i> <img loading=\"lazy\" decoding=\"async\" width=\"16\" height=\"16\" alt=\"Loading\" src=\"https:\/\/www.ua59.at\/wp\/wp-content\/plugins\/page-views-count\/ajax-loader-2x.gif\" border=0 \/><\/p>\n<div class=\"pvc_clear\"><\/div>\n","protected":false},"excerpt":{"rendered":"<p>Beschreibung: Links oben k\u00f6nnen Sie mit Hilfe der Pfeiltasten zwischen den verschiedenen Monaten navigieren. Rechts oben k\u00f6nnen Sie zwischen verschiedenen Ansichten wechseln. Wenn Sie auf einen Termin klicken \u00f6ffnet sich ein Fenster mit allen Details zu diesem Termin. Legende: um Kalender ein- bzw. auszublenden k\u00f6nnen Sie re. oben (neben &#8222;Termin\u00fcbersicht&#8220;) auf die Schaltfl\u00e4che klicken und die entsprechenden Kalender ein- und &#8230; <\/p>\n<div><a href=\"https:\/\/www.ua59.at\/wp\/intern\/intern-termine-ua59\/\" class=\"more-link\">Read More<\/a><\/div>\n","protected":false},"author":2,"featured_media":0,"parent":723,"menu_order":0,"comment_status":"closed","ping_status":"closed","template":"","meta":{"ngg_post_thumbnail":0,"footnotes":""},"class_list":["post-719","page","type-page","status-publish","hentry","no-post-thumbnail"],"a3_pvc":{"activated":true,"total_views":2562,"today_views":0},"_links":{"self":[{"href":"https:\/\/www.ua59.at\/wp\/wp-json\/wp\/v2\/pages\/719","targetHints":{"allow":["GET"]}}],"collection":[{"href":"https:\/\/www.ua59.at\/wp\/wp-json\/wp\/v2\/pages"}],"about":[{"href":"https:\/\/www.ua59.at\/wp\/wp-json\/wp\/v2\/types\/page"}],"author":[{"embeddable":true,"href":"https:\/\/www.ua59.at\/wp\/wp-json\/wp\/v2\/users\/2"}],"replies":[{"embeddable":true,"href":"https:\/\/www.ua59.at\/wp\/wp-json\/wp\/v2\/comments?post=719"}],"version-history":[{"count":5,"href":"https:\/\/www.ua59.at\/wp\/wp-json\/wp\/v2\/pages\/719\/revisions"}],"predecessor-version":[{"id":20958,"href":"https:\/\/www.ua59.at\/wp\/wp-json\/wp\/v2\/pages\/719\/revisions\/20958"}],"up":[{"embeddable":true,"href":"https:\/\/www.ua59.at\/wp\/wp-json\/wp\/v2\/pages\/723"}],"wp:attachment":[{"href":"https:\/\/www.ua59.at\/wp\/wp-json\/wp\/v2\/media?parent=719"}],"curies":[{"name":"wp","href":"https:\/\/api.w.org\/{rel}","templated":true}]}}